{"id":45732,"date":"2025-01-07T09:39:46","date_gmt":"2025-01-07T08:39:46","guid":{"rendered":"https:\/\/www.ecowater100years.eu\/?page_id=45732"},"modified":"2025-01-23T14:25:57","modified_gmt":"2025-01-23T13:25:57","slug":"restaurant-de-klimop-a-louvain","status":"publish","type":"page","link":"https:\/\/www.ecowater100years.eu\/fr\/restaurant-de-klimop-a-louvain\/","title":{"rendered":"Restaurant De Klimop \u00e0 Louvain"},"content":{"rendered":"\t\t<div data-elementor-type=\"wp-page\" data-elementor-id=\"45732\" class=\"elementor elementor-45732\">\n\t\t\t\t\t\t<section class=\"elementor-section elementor-top-section elementor-element elementor-element-4057294 elementor-section-full_width scheme_default invert-order elementor-section-height-default elementor-section-height-default wpr-particle-no wpr-jarallax-no wpr-parallax-no wpr-sticky-section-no sc_fly_static\" data-id=\"4057294\" data-element_type=\"section\" data-settings=\"{&quot;background_background&quot;:&quot;classic&quot;}\">\n\t\t\t\t\t\t<div class=\"elementor-container elementor-column-gap-default\">\n\t\t\t\t\t<div class=\"elementor-column elementor-col-100 elementor-top-column elementor-element elementor-element-d79d95e sc_content_align_inherit sc_layouts_column_icons_position_left sc_fly_static\" data-id=\"d79d95e\" data-element_type=\"column\">\n\t\t\t<div class=\"elementor-widget-wrap elementor-element-populated\">\n\t\t\t\t\t\t<section data-animation-type=\"sequental\" data-animation-stagger=\"\" class=\"elementor-section elementor-inner-section elementor-element elementor-element-0e4ee33 animation_type_sequental invert-order elementor-section-boxed elementor-section-height-default elementor-section-height-default wpr-particle-no wpr-jarallax-no wpr-parallax-no wpr-sticky-section-no sc_fly_static elementor-invisible\" data-id=\"0e4ee33\" data-element_type=\"section\" data-settings=\"{&quot;animation&quot;:&quot;paragon-fadeinup&quot;,&quot;animation_delay&quot;:100}\">\n\t\t\t\t\t\t<div class=\"elementor-container elementor-column-gap-no\">\n\t\t\t\t\t<div class=\"elementor-column elementor-col-100 elementor-inner-column elementor-element elementor-element-3841a9d sc_content_align_inherit sc_layouts_column_icons_position_left sc_fly_static\" data-id=\"3841a9d\" data-element_type=\"column\">\n\t\t\t<div class=\"elementor-widget-wrap elementor-element-populated\">\n\t\t\t\t\t\t<div class=\"elementor-element elementor-element-75b6733 sc_height_medium sc_fly_static elementor-widget elementor-widget-spacer\" data-id=\"75b6733\" data-element_type=\"widget\" data-widget_type=\"spacer.default\">\n\t\t\t\t<div class=\"elementor-widget-container\">\n\t\t\t\t\t\t\t<div class=\"elementor-spacer\">\n\t\t\t<div class=\"elementor-spacer-inner\"><\/div>\n\t\t<\/div>\n\t\t\t\t\t\t<\/div>\n\t\t\t\t<\/div>\n\t\t\t\t<div class=\"elementor-element elementor-element-832adc6 sc_fly_static elementor-widget elementor-widget-text-editor\" data-id=\"832adc6\" data-element_type=\"widget\" data-widget_type=\"text-editor.default\">\n\t\t\t\t<div class=\"elementor-widget-container\">\n\t\t\t\t\t\t\t\t\t<h3 class=\"text-align-center\">Traitement des eaux pour l&rsquo;industrie h\u00f4teli\u00e8re<\/h3>\t\t\t\t\t\t\t\t<\/div>\n\t\t\t\t<\/div>\n\t\t\t\t<div class=\"elementor-element elementor-element-83fae0e sc_fly_static elementor-widget elementor-widget-text-editor\" data-id=\"83fae0e\" data-element_type=\"widget\" data-widget_type=\"text-editor.default\">\n\t\t\t\t<div class=\"elementor-widget-container\">\n\t\t\t\t\t\t\t\t\t<p><span style=\"color: #0c1f2c;\">Restaurant <a style=\"color: #0c1f2c;\" href=\"https:\/\/www.deklimopleuven.be\/\" target=\"_blank\" rel=\"noopener\">De Klimop<\/a>\u00a0\u00a0et l&rsquo;H\u00f4tel Mille Colonnes sur la Martelarenplein \u00e0 Louvain sont de v\u00e9ritables r\u00e9f\u00e9rences depuis de nombreuses ann\u00e9es. La cuisine franco-belge, qui utilise autant que possible des produits de fournisseurs locaux, est tr\u00e8s appr\u00e9ci\u00e9e par un large public.<\/span><br \/><span style=\"color: #0c1f2c;\">L&rsquo;eau de l&rsquo;ensemble du b\u00e2timent, c&rsquo;est-\u00e0-dire le restaurant et l&rsquo;h\u00f4tel, est adoucie par un\u00a0\u00a0<a style=\"color: #0c1f2c;\" href=\"https:\/\/www.ecowater.be\/fr\/leau-souterraine\/serie-5000\">adoucisseur d&rsquo;eau duplex 5070<\/a> d&rsquo;EcoWater.\u00a0<a style=\"couleur: #0c1f2c;\" href=\"https:\/\/www.ecowater.be\/fr\/autres-techniques\/osmose-inverse\">L&rsquo;osmose inverse<\/a>\u00a0est pr\u00e9vue pour alimenter le lave-verres sous plan.<\/span><\/p>\t\t\t\t\t\t\t\t<\/div>\n\t\t\t\t<\/div>\n\t\t\t\t<div class=\"elementor-element elementor-element-816426f sc_height_medium sc_fly_static elementor-widget elementor-widget-spacer\" data-id=\"816426f\" data-element_type=\"widget\" data-widget_type=\"spacer.default\">\n\t\t\t\t<div class=\"elementor-widget-container\">\n\t\t\t\t\t\t\t<div class=\"elementor-spacer\">\n\t\t\t<div class=\"elementor-spacer-inner\"><\/div>\n\t\t<\/div>\n\t\t\t\t\t\t<\/div>\n\t\t\t\t<\/div>\n\t\t\t\t\t<\/div>\n\t\t<\/div>\n\t\t\t\t\t<\/div>\n\t\t<\/section>\n\t\t\t\t\t<\/div>\n\t\t<\/div>\n\t\t\t\t\t<\/div>\n\t\t<\/section>\n\t\t\t\t<section class=\"elementor-section elementor-top-section elementor-element elementor-element-43233af elementor-section-boxed elementor-section-height-default elementor-section-height-default wpr-particle-no wpr-jarallax-no wpr-parallax-no wpr-sticky-section-no sc_fly_static\" data-id=\"43233af\" data-element_type=\"section\">\n\t\t\t\t\t\t<div class=\"elementor-container elementor-column-gap-extended\">\n\t\t\t\t\t<div class=\"elementor-column elementor-col-100 elementor-top-column elementor-element elementor-element-c82536a sc_content_align_inherit sc_layouts_column_icons_position_left sc_fly_static\" data-id=\"c82536a\" data-element_type=\"column\">\n\t\t\t<div class=\"elementor-widget-wrap elementor-element-populated\">\n\t\t\t\t\t\t<div class=\"elementor-element elementor-element-480f629 sc_fly_static elementor-widget elementor-widget-text-editor\" data-id=\"480f629\" data-element_type=\"widget\" data-widget_type=\"text-editor.default\">\n\t\t\t\t<div class=\"elementor-widget-container\">\n\t\t\t\t\t\t\t\t\t<h3 class=\"text-align-center\">Traitement de l&rsquo;eau dans l&rsquo;h\u00f4tellerie<\/h3>\t\t\t\t\t\t\t\t<\/div>\n\t\t\t\t<\/div>\n\t\t\t\t<div class=\"elementor-element elementor-element-3e581b0 sc_height_medium sc_fly_static elementor-widget elementor-widget-spacer\" data-id=\"3e581b0\" data-element_type=\"widget\" data-widget_type=\"spacer.default\">\n\t\t\t\t<div class=\"elementor-widget-container\">\n\t\t\t\t\t\t\t<div class=\"elementor-spacer\">\n\t\t\t<div class=\"elementor-spacer-inner\"><\/div>\n\t\t<\/div>\n\t\t\t\t\t\t<\/div>\n\t\t\t\t<\/div>\n\t\t\t\t\t<\/div>\n\t\t<\/div>\n\t\t\t\t\t<\/div>\n\t\t<\/section>\n\t\t\t\t<section class=\"elementor-section elementor-top-section elementor-element elementor-element-d2aa133 elementor-section-full_width scheme_default elementor-section-content-middle elementor-section-height-default elementor-section-height-default wpr-particle-no wpr-jarallax-no wpr-parallax-no wpr-sticky-section-no sc_fly_static\" data-id=\"d2aa133\" data-element_type=\"section\" data-settings=\"{&quot;background_background&quot;:&quot;classic&quot;}\">\n\t\t\t\t\t\t<div class=\"elementor-container elementor-column-gap-default\">\n\t\t\t\t\t<div class=\"elementor-column elementor-col-100 elementor-top-column elementor-element elementor-element-1b1bf8b sc_content_align_inherit sc_layouts_column_icons_position_left sc_fly_static\" data-id=\"1b1bf8b\" data-element_type=\"column\">\n\t\t\t<div class=\"elementor-widget-wrap elementor-element-populated\">\n\t\t\t\t\t\t<section data-animation-type=\"sequental\" data-animation-stagger=\"\" class=\"elementor-section elementor-inner-section elementor-element elementor-element-d9aaae2 animation_type_sequental elementor-section-boxed elementor-section-height-default elementor-section-height-default wpr-particle-no wpr-jarallax-no wpr-parallax-no wpr-sticky-section-no sc_fly_static elementor-invisible\" data-id=\"d9aaae2\" data-element_type=\"section\" data-settings=\"{&quot;animation&quot;:&quot;paragon-fadeinup&quot;,&quot;animation_delay&quot;:100}\">\n\t\t\t\t\t\t<div class=\"elementor-container elementor-column-gap-no\">\n\t\t\t\t\t<div class=\"elementor-column elementor-col-50 elementor-inner-column elementor-element elementor-element-cc58481 sc_content_align_inherit sc_layouts_column_icons_position_left sc_fly_static\" data-id=\"cc58481\" data-element_type=\"column\">\n\t\t\t<div class=\"elementor-widget-wrap elementor-element-populated\">\n\t\t\t\t\t\t<div class=\"elementor-element elementor-element-5583e46 sc_fly_static elementor-widget elementor-widget-text-editor\" data-id=\"5583e46\" data-element_type=\"widget\" data-widget_type=\"text-editor.default\">\n\t\t\t\t<div class=\"elementor-widget-container\">\n\t\t\t\t\t\t\t\t\t<h3 style=\"color: #0c1f2c;\">Eau osmos\u00e9e pour lave-verres<\/h3>\t\t\t\t\t\t\t\t<\/div>\n\t\t\t\t<\/div>\n\t\t\t\t<div class=\"elementor-element elementor-element-b7f49eb sc_fly_static elementor-widget elementor-widget-text-editor\" data-id=\"b7f49eb\" data-element_type=\"widget\" data-widget_type=\"text-editor.default\">\n\t\t\t\t<div class=\"elementor-widget-container\">\n\t\t\t\t\t\t\t\t\t<span style=\"color: #0c1f2c;\">Une installation importante et co\u00fbteuse est souvent n\u00e9cessaire pour adapter les dimensions du\u00a0<a style=\"color: #0c1f2c;\" href=\"https:\/\/www.ecowater.be\/fr\/autres-techniques\/osmose-inverse\">appareil d&rsquo;osmose inverse<\/a>\u00a0au d\u00e9bit de pointe requis.<\/span>\n\n<span style=\"color: #0c1f2c;\">Cependant, comme l&rsquo;eau n&rsquo;est pas consomm\u00e9e en continu (le lave-verres n&rsquo;a pas besoin d&rsquo;eau fra\u00eeche en permanence), nous travaillons presque toujours avec un r\u00e9servoir tampon. Nous veillons \u00e0 ce qu&rsquo;il soit suffisamment grand pour fournir la quantit\u00e9 d&rsquo;eau n\u00e9cessaire, avant de le remplir \u00e0 nouveau (\u00e0 une vitesse inf\u00e9rieure).<\/span>\t\t\t\t\t\t\t\t<\/div>\n\t\t\t\t<\/div>\n\t\t\t\t<div class=\"elementor-element elementor-element-4735024 sc_height_medium sc_fly_static elementor-widget elementor-widget-spacer\" data-id=\"4735024\" data-element_type=\"widget\" data-widget_type=\"spacer.default\">\n\t\t\t\t<div class=\"elementor-widget-container\">\n\t\t\t\t\t\t\t<div class=\"elementor-spacer\">\n\t\t\t<div class=\"elementor-spacer-inner\"><\/div>\n\t\t<\/div>\n\t\t\t\t\t\t<\/div>\n\t\t\t\t<\/div>\n\t\t\t\t\t<\/div>\n\t\t<\/div>\n\t\t\t\t<div class=\"elementor-column elementor-col-50 elementor-inner-column elementor-element elementor-element-9ad199f sc_content_align_inherit sc_layouts_column_icons_position_left sc_fly_static\" data-id=\"9ad199f\" data-element_type=\"column\">\n\t\t\t<div class=\"elementor-widget-wrap elementor-element-populated\">\n\t\t\t\t\t\t<div class=\"elementor-element elementor-element-8d0c931 sc_height_medium sc_fly_static elementor-widget elementor-widget-spacer\" data-id=\"8d0c931\" data-element_type=\"widget\" data-widget_type=\"spacer.default\">\n\t\t\t\t<div class=\"elementor-widget-container\">\n\t\t\t\t\t\t\t<div class=\"elementor-spacer\">\n\t\t\t<div class=\"elementor-spacer-inner\"><\/div>\n\t\t<\/div>\n\t\t\t\t\t\t<\/div>\n\t\t\t\t<\/div>\n\t\t\t\t<div class=\"elementor-element elementor-element-92f7638 sc_fly_static elementor-widget elementor-widget-image\" data-id=\"92f7638\" data-element_type=\"widget\" data-widget_type=\"image.default\">\n\t\t\t\t<div class=\"elementor-widget-container\">\n\t\t\t\t\t\t\t\t\t\t\t\t\t\t\t<img fetchpriority=\"high\" decoding=\"async\" width=\"540\" height=\"360\" src=\"https:\/\/www.ecowater100years.eu\/wp-content\/uploads\/2025\/01\/klimop-rectangle.jpg\" class=\"attachment-full size-full wp-image-44622\" alt=\"\" srcset=\"https:\/\/www.ecowater100years.eu\/wp-content\/uploads\/2025\/01\/klimop-rectangle.jpg 540w, https:\/\/www.ecowater100years.eu\/wp-content\/uploads\/2025\/01\/klimop-rectangle-300x200.jpg 300w, https:\/\/www.ecowater100years.eu\/wp-content\/uploads\/2025\/01\/klimop-rectangle-370x247.jpg 370w, https:\/\/www.ecowater100years.eu\/wp-content\/uploads\/2025\/01\/klimop-rectangle-410x273.jpg 410w\" sizes=\"(max-width: 600px) 100vw, 540px\" \/>\t\t\t\t\t\t\t\t\t\t\t\t\t\t\t<\/div>\n\t\t\t\t<\/div>\n\t\t\t\t<div class=\"elementor-element elementor-element-a61571a sc_height_medium sc_fly_static elementor-widget elementor-widget-spacer\" data-id=\"a61571a\" data-element_type=\"widget\" data-widget_type=\"spacer.default\">\n\t\t\t\t<div class=\"elementor-widget-container\">\n\t\t\t\t\t\t\t<div class=\"elementor-spacer\">\n\t\t\t<div class=\"elementor-spacer-inner\"><\/div>\n\t\t<\/div>\n\t\t\t\t\t\t<\/div>\n\t\t\t\t<\/div>\n\t\t\t\t\t<\/div>\n\t\t<\/div>\n\t\t\t\t\t<\/div>\n\t\t<\/section>\n\t\t\t\t\t<\/div>\n\t\t<\/div>\n\t\t\t\t\t<\/div>\n\t\t<\/section>\n\t\t\t\t<section class=\"elementor-section elementor-top-section elementor-element elementor-element-8c26193 elementor-section-full_width scheme_default invert-order elementor-section-height-default elementor-section-height-default wpr-particle-no wpr-jarallax-no wpr-parallax-no wpr-sticky-section-no sc_fly_static\" data-id=\"8c26193\" data-element_type=\"section\" data-settings=\"{&quot;background_background&quot;:&quot;classic&quot;}\">\n\t\t\t\t\t\t<div class=\"elementor-container elementor-column-gap-default\">\n\t\t\t\t\t<div class=\"elementor-column elementor-col-100 elementor-top-column elementor-element elementor-element-ebea36e sc_content_align_inherit sc_layouts_column_icons_position_left sc_fly_static\" data-id=\"ebea36e\" data-element_type=\"column\">\n\t\t\t<div class=\"elementor-widget-wrap elementor-element-populated\">\n\t\t\t\t\t\t<section data-animation-type=\"sequental\" data-animation-stagger=\"\" class=\"elementor-section elementor-inner-section elementor-element elementor-element-b579445 animation_type_sequental invert-order elementor-section-boxed elementor-section-height-default elementor-section-height-default wpr-particle-no wpr-jarallax-no wpr-parallax-no wpr-sticky-section-no sc_fly_static elementor-invisible\" data-id=\"b579445\" data-element_type=\"section\" data-settings=\"{&quot;animation&quot;:&quot;paragon-fadeinup&quot;,&quot;animation_delay&quot;:100}\">\n\t\t\t\t\t\t<div class=\"elementor-container elementor-column-gap-no\">\n\t\t\t\t\t<div class=\"elementor-column elementor-col-100 elementor-inner-column elementor-element elementor-element-f9dd824 sc_content_align_inherit sc_layouts_column_icons_position_left sc_fly_static\" data-id=\"f9dd824\" data-element_type=\"column\">\n\t\t\t<div class=\"elementor-widget-wrap elementor-element-populated\">\n\t\t\t\t\t\t<div class=\"elementor-element elementor-element-2be6ca5 sc_fly_static elementor-widget elementor-widget-text-editor\" data-id=\"2be6ca5\" data-element_type=\"widget\" data-widget_type=\"text-editor.default\">\n\t\t\t\t<div class=\"elementor-widget-container\">\n\t\t\t\t\t\t\t\t\t<span style=\"color: #0c1f2c;\">Ce vase tampon fonctionne sur le principe d&rsquo;un vase d&rsquo;expansion. La pression est donc maintenue par une sorte de ballon en caoutchouc.<\/span>\t\t\t\t\t\t\t\t<\/div>\n\t\t\t\t<\/div>\n\t\t\t\t<div class=\"elementor-element elementor-element-07106e6 sc_height_medium sc_fly_static elementor-widget elementor-widget-spacer\" data-id=\"07106e6\" data-element_type=\"widget\" data-widget_type=\"spacer.default\">\n\t\t\t\t<div class=\"elementor-widget-container\">\n\t\t\t\t\t\t\t<div class=\"elementor-spacer\">\n\t\t\t<div class=\"elementor-spacer-inner\"><\/div>\n\t\t<\/div>\n\t\t\t\t\t\t<\/div>\n\t\t\t\t<\/div>\n\t\t\t\t\t<\/div>\n\t\t<\/div>\n\t\t\t\t\t<\/div>\n\t\t<\/section>\n\t\t\t\t\t<\/div>\n\t\t<\/div>\n\t\t\t\t\t<\/div>\n\t\t<\/section>\n\t\t\t\t<section class=\"elementor-section elementor-top-section elementor-element elementor-element-88f9e2d elementor-section-full_width scheme_default elementor-section-content-middle elementor-section-height-default elementor-section-height-default wpr-particle-no wpr-jarallax-no wpr-parallax-no wpr-sticky-section-no sc_fly_static\" data-id=\"88f9e2d\" data-element_type=\"section\" data-settings=\"{&quot;background_background&quot;:&quot;classic&quot;}\">\n\t\t\t\t\t\t<div class=\"elementor-container elementor-column-gap-default\">\n\t\t\t\t\t<div class=\"elementor-column elementor-col-100 elementor-top-column elementor-element elementor-element-f478330 sc_content_align_inherit sc_layouts_column_icons_position_left sc_fly_static\" data-id=\"f478330\" data-element_type=\"column\">\n\t\t\t<div class=\"elementor-widget-wrap elementor-element-populated\">\n\t\t\t\t\t\t<section data-animation-type=\"sequental\" data-animation-stagger=\"\" class=\"elementor-section elementor-inner-section elementor-element elementor-element-681fc02 animation_type_sequental elementor-section-boxed elementor-section-height-default elementor-section-height-default wpr-particle-no wpr-jarallax-no wpr-parallax-no wpr-sticky-section-no sc_fly_static elementor-invisible\" data-id=\"681fc02\" data-element_type=\"section\" data-settings=\"{&quot;animation&quot;:&quot;paragon-fadeinup&quot;,&quot;animation_delay&quot;:100}\">\n\t\t\t\t\t\t<div class=\"elementor-container elementor-column-gap-no\">\n\t\t\t\t\t<div class=\"elementor-column elementor-col-100 elementor-inner-column elementor-element elementor-element-78ba17c sc_content_align_inherit sc_layouts_column_icons_position_left sc_fly_static\" data-id=\"78ba17c\" data-element_type=\"column\">\n\t\t\t<div class=\"elementor-widget-wrap elementor-element-populated\">\n\t\t\t\t\t\t<div class=\"elementor-element elementor-element-8441b0b sc_fly_static elementor-widget elementor-widget-image\" data-id=\"8441b0b\" data-element_type=\"widget\" data-widget_type=\"image.default\">\n\t\t\t\t<div class=\"elementor-widget-container\">\n\t\t\t\t\t\t\t\t\t\t\t\t\t\t\t<img decoding=\"async\" width=\"1200\" height=\"600\" src=\"https:\/\/www.ecowater100years.eu\/wp-content\/uploads\/2025\/01\/klimop2.jpg\" class=\"attachment-full size-full wp-image-44627\" alt=\"\" srcset=\"https:\/\/www.ecowater100years.eu\/wp-content\/uploads\/2025\/01\/klimop2.jpg 1200w, https:\/\/www.ecowater100years.eu\/wp-content\/uploads\/2025\/01\/klimop2-300x150.jpg 300w, https:\/\/www.ecowater100years.eu\/wp-content\/uploads\/2025\/01\/klimop2-1024x512.jpg 1024w, https:\/\/www.ecowater100years.eu\/wp-content\/uploads\/2025\/01\/klimop2-768x384.jpg 768w, https:\/\/www.ecowater100years.eu\/wp-content\/uploads\/2025\/01\/klimop2-370x185.jpg 370w, https:\/\/www.ecowater100years.eu\/wp-content\/uploads\/2025\/01\/klimop2-840x420.jpg 840w, https:\/\/www.ecowater100years.eu\/wp-content\/uploads\/2025\/01\/klimop2-410x205.jpg 410w, https:\/\/www.ecowater100years.eu\/wp-content\/uploads\/2025\/01\/klimop2-730x365.jpg 730w, https:\/\/www.ecowater100years.eu\/wp-content\/uploads\/2025\/01\/klimop2-600x300.jpg 600w\" sizes=\"(max-width: 1200px) 100vw, 1200px\" \/>\t\t\t\t\t\t\t\t\t\t\t\t\t\t\t<\/div>\n\t\t\t\t<\/div>\n\t\t\t\t<div class=\"elementor-element elementor-element-377f42f sc_height_medium sc_fly_static elementor-widget elementor-widget-spacer\" data-id=\"377f42f\" data-element_type=\"widget\" data-widget_type=\"spacer.default\">\n\t\t\t\t<div class=\"elementor-widget-container\">\n\t\t\t\t\t\t\t<div class=\"elementor-spacer\">\n\t\t\t<div class=\"elementor-spacer-inner\"><\/div>\n\t\t<\/div>\n\t\t\t\t\t\t<\/div>\n\t\t\t\t<\/div>\n\t\t\t\t\t<\/div>\n\t\t<\/div>\n\t\t\t\t\t<\/div>\n\t\t<\/section>\n\t\t\t\t\t<\/div>\n\t\t<\/div>\n\t\t\t\t\t<\/div>\n\t\t<\/section>\n\t\t\t\t<section class=\"elementor-section elementor-top-section elementor-element elementor-element-da4b931 elementor-section-full_width scheme_default elementor-section-content-middle elementor-section-height-default elementor-section-height-default wpr-particle-no wpr-jarallax-no wpr-parallax-no wpr-sticky-section-no sc_fly_static\" data-id=\"da4b931\" data-element_type=\"section\" data-settings=\"{&quot;background_background&quot;:&quot;classic&quot;}\">\n\t\t\t\t\t\t<div class=\"elementor-container elementor-column-gap-default\">\n\t\t\t\t\t<div class=\"elementor-column elementor-col-100 elementor-top-column elementor-element elementor-element-dbd59b9 sc_content_align_inherit sc_layouts_column_icons_position_left sc_fly_static\" data-id=\"dbd59b9\" data-element_type=\"column\">\n\t\t\t<div class=\"elementor-widget-wrap elementor-element-populated\">\n\t\t\t\t\t\t<section data-animation-type=\"sequental\" data-animation-stagger=\"\" class=\"elementor-section elementor-inner-section elementor-element elementor-element-4f842a9 animation_type_sequental elementor-section-boxed elementor-section-height-default elementor-section-height-default wpr-particle-no wpr-jarallax-no wpr-parallax-no wpr-sticky-section-no sc_fly_static elementor-invisible\" data-id=\"4f842a9\" data-element_type=\"section\" data-settings=\"{&quot;animation&quot;:&quot;paragon-fadeinup&quot;,&quot;animation_delay&quot;:100}\">\n\t\t\t\t\t\t<div class=\"elementor-container elementor-column-gap-no\">\n\t\t\t\t\t<div class=\"elementor-column elementor-col-50 elementor-inner-column elementor-element elementor-element-7791d3c sc_content_align_inherit sc_layouts_column_icons_position_left sc_fly_static\" data-id=\"7791d3c\" data-element_type=\"column\">\n\t\t\t<div class=\"elementor-widget-wrap elementor-element-populated\">\n\t\t\t\t\t\t<div class=\"elementor-element elementor-element-82bb6f9 sc_fly_static elementor-widget elementor-widget-text-editor\" data-id=\"82bb6f9\" data-element_type=\"widget\" data-widget_type=\"text-editor.default\">\n\t\t\t\t<div class=\"elementor-widget-container\">\n\t\t\t\t\t\t\t\t\t<span style=\"color: #0c1f2c;\">Depuis le\u00a0<a style=\"color: #0c1f2c;\" L'unit\u00e9 href=\"https:\/\/www.ecowater.be\/fr\/autres-techniques\/osmose-inverse\">osmose inverse<\/a>\u00a0est situ\u00e9e au sous-sol, il n&rsquo;est pas \u00e9vident de la surveiller en permanence. Un voyant a donc \u00e9t\u00e9 install\u00e9 sous le comptoir. Lorsqu&rsquo;il s&rsquo;allume, l&rsquo;\u00e9quipe du restaurant peut continuer \u00e0 travailler gr\u00e2ce au r\u00e9servoir tampon, mais notre service technique peut d\u00e9j\u00e0 intervenir, afin que tout temps d&rsquo;arr\u00eat soit r\u00e9duit au minimum.<\/span>\t\t\t\t\t\t\t\t<\/div>\n\t\t\t\t<\/div>\n\t\t\t\t<div class=\"elementor-element elementor-element-de05d0c sc_height_medium sc_fly_static elementor-widget elementor-widget-spacer\" data-id=\"de05d0c\" data-element_type=\"widget\" data-widget_type=\"spacer.default\">\n\t\t\t\t<div class=\"elementor-widget-container\">\n\t\t\t\t\t\t\t<div class=\"elementor-spacer\">\n\t\t\t<div class=\"elementor-spacer-inner\"><\/div>\n\t\t<\/div>\n\t\t\t\t\t\t<\/div>\n\t\t\t\t<\/div>\n\t\t\t\t\t<\/div>\n\t\t<\/div>\n\t\t\t\t<div class=\"elementor-column elementor-col-50 elementor-inner-column elementor-element elementor-element-6d145c6 sc_content_align_inherit sc_layouts_column_icons_position_left sc_fly_static\" data-id=\"6d145c6\" data-element_type=\"column\">\n\t\t\t<div class=\"elementor-widget-wrap elementor-element-populated\">\n\t\t\t\t\t\t<div class=\"elementor-element elementor-element-625d39a sc_fly_static elementor-widget elementor-widget-image\" data-id=\"625d39a\" data-element_type=\"widget\" data-widget_type=\"image.default\">\n\t\t\t\t<div class=\"elementor-widget-container\">\n\t\t\t\t\t\t\t\t\t\t\t\t\t\t\t<img decoding=\"async\" width=\"400\" height=\"400\" src=\"https:\/\/www.ecowater100years.eu\/wp-content\/uploads\/2025\/01\/klimop3.jpg\" class=\"attachment-full size-full wp-image-44632\" alt=\"\" srcset=\"https:\/\/www.ecowater100years.eu\/wp-content\/uploads\/2025\/01\/klimop3.jpg 400w, https:\/\/www.ecowater100years.eu\/wp-content\/uploads\/2025\/01\/klimop3-300x300.jpg 300w, https:\/\/www.ecowater100years.eu\/wp-content\/uploads\/2025\/01\/klimop3-150x150.jpg 150w, https:\/\/www.ecowater100years.eu\/wp-content\/uploads\/2025\/01\/klimop3-370x370.jpg 370w, https:\/\/www.ecowater100years.eu\/wp-content\/uploads\/2025\/01\/klimop3-120x120.jpg 120w\" sizes=\"(max-width: 600px) 100vw, 400px\" \/>\t\t\t\t\t\t\t\t\t\t\t\t\t\t\t<\/div>\n\t\t\t\t<\/div>\n\t\t\t\t<div class=\"elementor-element elementor-element-f1703bf sc_height_medium sc_fly_static elementor-widget elementor-widget-spacer\" data-id=\"f1703bf\" data-element_type=\"widget\" data-widget_type=\"spacer.default\">\n\t\t\t\t<div class=\"elementor-widget-container\">\n\t\t\t\t\t\t\t<div class=\"elementor-spacer\">\n\t\t\t<div class=\"elementor-spacer-inner\"><\/div>\n\t\t<\/div>\n\t\t\t\t\t\t<\/div>\n\t\t\t\t<\/div>\n\t\t\t\t\t<\/div>\n\t\t<\/div>\n\t\t\t\t\t<\/div>\n\t\t<\/section>\n\t\t\t\t\t<\/div>\n\t\t<\/div>\n\t\t\t\t\t<\/div>\n\t\t<\/section>\n\t\t\t\t<\/div>\n\t\t","protected":false},"excerpt":{"rendered":"<p>Traitement des eaux pour l&rsquo;industrie h\u00f4teli\u00e8re Restaurant De Klimop\u00a0\u00a0et l&rsquo;H\u00f4tel Mille Colonnes sur la Martelarenplein \u00e0 Louvain sont de v\u00e9ritables r\u00e9f\u00e9rences depuis de nombreuses ann\u00e9es. La cuisine franco-belge, qui utilise autant que possible des produits&hellip;<\/p>\n","protected":false},"author":1,"featured_media":0,"parent":0,"menu_order":0,"comment_status":"closed","ping_status":"closed","template":"","meta":{"_acf_changed":false,"footnotes":""},"class_list":["post-45732","page","type-page","status-publish","hentry"],"acf":[],"_links":{"self":[{"href":"https:\/\/www.ecowater100years.eu\/fr\/wp-json\/wp\/v2\/pages\/45732","targetHints":{"allow":["GET"]}}],"collection":[{"href":"https:\/\/www.ecowater100years.eu\/fr\/wp-json\/wp\/v2\/pages"}],"about":[{"href":"https:\/\/www.ecowater100years.eu\/fr\/wp-json\/wp\/v2\/types\/page"}],"author":[{"embeddable":true,"href":"https:\/\/www.ecowater100years.eu\/fr\/wp-json\/wp\/v2\/users\/1"}],"replies":[{"embeddable":true,"href":"https:\/\/www.ecowater100years.eu\/fr\/wp-json\/wp\/v2\/comments?post=45732"}],"version-history":[{"count":5,"href":"https:\/\/www.ecowater100years.eu\/fr\/wp-json\/wp\/v2\/pages\/45732\/revisions"}],"predecessor-version":[{"id":45764,"href":"https:\/\/www.ecowater100years.eu\/fr\/wp-json\/wp\/v2\/pages\/45732\/revisions\/45764"}],"wp:attachment":[{"href":"https:\/\/www.ecowater100years.eu\/fr\/wp-json\/wp\/v2\/media?parent=45732"}],"curies":[{"name":"wp","href":"https:\/\/api.w.org\/{rel}","templated":true}]}}