{"id":46392,"date":"2024-08-08T07:14:33","date_gmt":"2024-08-08T06:14:33","guid":{"rendered":"https:\/\/www.ecowater100years.eu\/privacy-policy-theme\/"},"modified":"2025-02-26T12:54:25","modified_gmt":"2025-02-26T11:54:25","slug":"polityka-prywatnosci","status":"publish","type":"page","link":"https:\/\/www.ecowater100years.eu\/pl\/polityka-prywatnosci\/","title":{"rendered":"Polityka prywatno\u015bci"},"content":{"rendered":"\t\t<div data-elementor-type=\"wp-page\" data-elementor-id=\"46392\" class=\"elementor elementor-46392 elementor-12954\">\n\t\t\t\t\t\t<section class=\"elementor-section elementor-top-section elementor-element elementor-element-2b1184b0 elementor-section-boxed elementor-section-height-default elementor-section-height-default wpr-particle-no wpr-jarallax-no wpr-parallax-no wpr-sticky-section-no sc_fly_static\" data-id=\"2b1184b0\" data-element_type=\"section\" data-settings=\"{&quot;background_background&quot;:&quot;classic&quot;}\">\n\t\t\t\t\t\t<div class=\"elementor-container elementor-column-gap-extended\">\n\t\t\t\t\t<div class=\"elementor-column elementor-col-100 elementor-top-column elementor-element elementor-element-153e1c19 sc_content_align_inherit sc_layouts_column_icons_position_left sc_fly_static\" data-id=\"153e1c19\" data-element_type=\"column\">\n\t\t\t<div class=\"elementor-widget-wrap\">\n\t\t\t\t\t\t\t<\/div>\n\t\t<\/div>\n\t\t\t\t\t<\/div>\n\t\t<\/section>\n\t\t\t\t<section class=\"elementor-section elementor-top-section elementor-element elementor-element-a2ec18c elementor-section-boxed elementor-section-height-default elementor-section-height-default wpr-particle-no wpr-jarallax-no wpr-parallax-no wpr-sticky-section-no sc_fly_static\" data-id=\"a2ec18c\" data-element_type=\"section\" data-settings=\"{&quot;background_background&quot;:&quot;classic&quot;}\">\n\t\t\t\t\t\t<div class=\"elementor-container elementor-column-gap-extended\">\n\t\t\t\t\t<div class=\"elementor-column elementor-col-100 elementor-top-column elementor-element elementor-element-e4f67bc sc_content_align_inherit sc_layouts_column_icons_position_left sc_fly_static\" data-id=\"e4f67bc\" data-element_type=\"column\">\n\t\t\t<div class=\"elementor-widget-wrap elementor-element-populated\">\n\t\t\t\t\t\t<div class=\"elementor-element elementor-element-fc87c00 sc_fly_static elementor-widget elementor-widget-text-editor\" data-id=\"fc87c00\" data-element_type=\"widget\" data-widget_type=\"text-editor.default\">\n\t\t\t\t<div class=\"elementor-widget-container\">\n\t\t\t\t\t\t\t\t\t<p>Wszelkie pytania zwi\u0105zane z przetwarzaniem przez nas Twoich danych mo\u017cesz kierowa\u0107 do naszego Inspektora Ochrony Danych osobowych Krzysztofa Dziemiana pod adresem: rodo@ecowater.pl<\/p><p>Niniejsza Polityka Prywatno\u015bci okre\u015bla zasady przetwarzania i ochrony danych osobowych przekazanych przez u\u017cytkownik\u00f3w w zwi\u0105zku z korzystaniem przez nich z us\u0142ug oferowanych przez serwis internetowy <a href=\"http:\/\/www.ecowater.pl\">www.ecowater.pl<\/a> (dalej: Serwis).<\/p><p>Administratorem danych osobowych zawartych w Serwisie jest:<br \/>EcoWater EMEA Sp. z o.o. z siedzib\u0105 w D\u0105br\u00f3wka, ul. Logistyczna 7, 62-070 Dopiewo, tel. +48 61 22 60 500, info@ecowater.pl<\/p><p>W trosce o bezpiecze\u0144stwo powierzonych danych osobowych ADO dzia\u0142a w oparciu o wewn\u0119trzne procedury i zalecenia, zgodne z odpowiednimi aktami prawnymi w zakresie ochrony danych osobowych, a w szczeg\u00f3lno\u015bci z Rozporz\u0105dzeniem Parlamentu Europejskiego i Rady (UE) 2016\/679 z dnia 27 kwietnia 2016 r. w sprawie ochrony os\u00f3b fizycznych w zwi\u0105zku z przetwarzaniem danych osobowych i w sprawie swobodnego przep\u0142ywu takich danych oraz uchylenia dyrektywy 95\/46 WE.<\/p><p>EcoWater EMEA nie sprzedaje osobom trzecim w jakimkolwiek celu bez Twojej wyra\u017anej zgody \u017cadnych zgromadzonych danych osobowych.<\/p><p>ADO dok\u0142ada szczeg\u00f3lnej staranno\u015bci w celu ochrony interes\u00f3w os\u00f3b, kt\u00f3rych dane dotycz\u0105, a w szczeg\u00f3lno\u015bci zapewnia, i\u017c dane osobowe s\u0105:<\/p><ul><li>przetwarzane zgodnie z prawem;<\/li><li>zbierane dla oznaczonych, zgodnych z prawem cel\u00f3w i niepoddawane dalszemu przetwarzaniu niezgodnemu z tymi celami;<\/li><li>merytorycznie poprawne i adekwatne w stosunku do cel\u00f3w, w jakich s\u0105 przetwarzane;<\/li><li>przechowywane w postaci umo\u017cliwiaj\u0105cej identyfikacj\u0119 os\u00f3b, kt\u00f3rych dotycz\u0105, nie d\u0142u\u017cej ni\u017c jest to niezb\u0119dne do osi\u0105gni\u0119cia celu przetwarzania.<\/li><\/ul><p>ADO realizuje funkcje pozyskiwania informacji o u\u017cytkownikach i ich zachowaniach w nast\u0119puj\u0105cy spos\u00f3b:<\/p><p>&#8211; poprzez dobrowolnie wprowadzenie informacji w formularzach, w celu:<\/p><ul><li>udzielania odpowiedzi na zapytania u\u017cytkownik\u00f3w kierowane przy u\u017cyciu formularza kontaktowego na podstawie art. 6 ust. 1 lit. f RODO<\/li><li>w celu przesy\u0142ania informacji dotycz\u0105cych produkt\u00f3w i us\u0142ug oferowanych przez ADO na wskazany adres poczty elektronicznej, je\u017celi u\u017cytkownik wyrazi\u0142 na to zgod\u0119, na podstawie art. 6 ust. 1 lit. a RODO. Zgod\u0119 mo\u017cna wycofa\u0107 poprzez klikni\u0119cie odpowiedniego linku w otrzymanej wiadomo\u015bci lub wys\u0142ane takiego zg\u0142oszenia na adres e-mail ADO,<\/li><li>w celu zamieszczania komentarzy na blogu EcoWater znajduj\u0105cego si\u0119 na stronie na podstawie art. 6 ust. 1 lit. a RODO. Je\u015bli chcesz usun\u0105\u0107 komentarz nale\u017cy wys\u0142a\u0107 zg\u0142oszenie mailowe na adres marketing@ecowater.pl<\/li><li>realizacji uzasadnionego interesu ADO w szczeg\u00f3lnych przypadkach na podstawie Art. 6 ust. 1 lit. f RODO np. windykacji<\/li><\/ul><p>-poprzez gromadzenie plik\u00f3w \u201ccookies\u201d.<\/p><p>Przy pierwszej wizycie w serwisie u\u017cytkownik informowany jest o u\u017cywaniu plik\u00f3w cookies. Klikaj\u0105c AKCEPTUJ\u0118 u\u017cytkownik wyra\u017ca zgod\u0119 na stosowanie plik\u00f3w cookies na stronie internetowej. U\u017cytkownik mo\u017ce w ka\u017cdym czasie zmieni\u0107 ustawienia plik\u00f3w cookies <a href=\"[sitetree_link,id=31]\"><strong>TUTAJ<\/strong><\/a>.<\/p><p>Cookies niezb\u0119dne do dzia\u0142ania witryny mo\u017cna zmieni\u0107\u00a0 zmieniaj\u0105c ustawienia przegl\u0105darki, przy czym nale\u017cy mie\u0107 na uwadze, \u017ce zmiana ustawie\u0144 mo\u017ce spowodowa\u0107 nieprawid\u0142owe funkcjonowanie witryny.<\/p><p>Wy\u0142\u0105czenie niekt\u00f3rych plik\u00f3w cookie mo\u017ce spowodowa\u0107 b\u0142\u0119dne dzia\u0142anie strony oraz brak dost\u0119pu do niekt\u00f3rych funkcji.<\/p><p>Wi\u0119cej informacji na temat plik\u00f3w cookies dost\u0119pnych jest w sekcji \u201ePomoc\u201d w menu przegl\u0105darki internetowej u\u017cytkownika.<\/p><p>U\u017cytkownicy, kt\u00f3rzy po zapoznaniu si\u0119 z informacjami dost\u0119pnymi w serwisie, nie chc\u0105 \u017ceby pliki cookies pozosta\u0142y zachowane w przegl\u0105darce internetowej urz\u0105dzenia, powinni usun\u0105\u0107 je ze swojej przegl\u0105darki po zako\u0144czeniu wizyty w serwisie.<\/p><p>W ramach Serwisu stosowane s\u0105 nast\u0119puj\u0105ce rodzaje plik\u00f3w \u201ecookies\u201d:<\/p><ul><li>pliki konfiguracyjne, czyli fundamentalne dla podstawowej funkcjonalno\u015bci strony,<\/li><li>pliki marketingowe -u\u017cywane do personalizowania tre\u015bci reklam, w\u0142a\u015bciwego kierowania i analizowania wydajno\u015bci kana\u0142\u00f3w marketingowych i kana\u0142\u00f3w sprzeda\u017cy,<\/li><li>pliki analityczne -kt\u00f3re pomagaj\u0105 poprawi\u0107 komfort korzystania z witryny dzi\u0119ki zrozumieniu, jak korzystaj\u0105 i konwertuj\u0105 na niej u\u017cytkownicy kt\u00f3re w po\u0142\u0105czeniu z konwersjami pomagaj\u0105 analizowa\u0107 wydajno\u015b\u0107 r\u00f3\u017cnych kana\u0142\u00f3w sprzeda\u017cy,<\/li><li>pliki lokalizacyjne &#8211; kt\u00f3re umo\u017cliwi\u0105 nam skierowanie Ci\u0119 do naszego najbli\u017cszego przedstawiciela w Twojej okolicy.<\/li><\/ul><p>Pliki cookie, kt\u00f3re stosujemy, pozwalaj\u0105 nam rozwija\u0107 nasz\u0105 stron\u0119.<\/p><p>Odbiorcami danych osobowych mog\u0105 by\u0107 organy, instytucje oraz podmioty uprawnione na mocy przepis\u00f3w prawa, a tak\u017ce podmioty \u015bwiadcz\u0105ce us\u0142ugi na rzecz ADO (np. obs\u0142uga prawna, IT, marketingowa, ksi\u0119gowa oraz inne podmioty uczestnicz\u0105ce w realizacji zam\u00f3wionej us\u0142ugi.<\/p><p>Korzystamy z narz\u0119dzi analitycznych Google Analytics oraz Yandex Metrica, kt\u00f3re zbieraj\u0105 informacje na temat Twoich odwiedzin strony, takie jak podstrony, kt\u00f3re wy\u015bwietli\u0142e\u015b, czas, jaki sp\u0119dzi\u0142e\u015b na stronie czy przej\u015bcia pomi\u0119dzy poszczeg\u00f3lnymi podstronami.<\/p><p>Wi\u0119cej na temat przetwarzania danych przez Yandex Metrica <a href=\"https:\/\/metrica.yandex.com\/about\/info\/data-policy\/\">https:\/\/metrica.yandex.com\/about\/info\/data-policy\/<\/a><\/p><p>Mo\u017cesz zrezygnowa\u0107 z cookies podmiot\u00f3w trzecich wykorzystywanych w Google Analytics zmieniaj\u0105c ustawienia reklam albo przez narz\u0119dzie udost\u0119pnione tutaj: https:\/\/adssettings.google.com<\/p><p>Wi\u0119cej na temat przetwarzania danych przez Google https:\/\/policies.google.com\/privacy?hl=pl<\/p><p>Korzystamy z narz\u0119dzi marketingowych, takich jak Facebook Pixel, Yandex Metrica i Remarketing, by kierowa\u0107 do Ciebie spersonalizowane reklamy w serwisie Facebook. Wi\u0105\u017c\u0119 si\u0119 to z wykorzystywaniem plik\u00f3w cookies te firmy. W ramach ustawie\u0144 plik\u00f3w cookies mo\u017cesz zadecydowa\u0107, czy wyra\u017casz zgod\u0119 na korzystanie w Twoim przypadku z wymienionych narz\u0119dzi.<\/p><p>Wi\u0119cej na temat przetwarzania danych przez Facebook <a href=\"https:\/\/www.facebook.com\/privacy\/explanation\">https:\/\/www.facebook.com\/privacy\/explanation<\/a><\/p><p>Do przetwarzanych przez ADO danych przys\u0142uguje wgl\u0105d u\u017cytkownikowi Serwisu, kt\u00f3ry je przekaza\u0142. U\u017cytkownik ma r\u00f3wnie\u017c prawo do modyfikacji tych danych, przenoszenia, \u017c\u0105dania ich usuni\u0119cia oraz ograniczenia lub zaprzestania przetwarzania swoich danych osobowych w dowolnym momencie. W dowolnym momencie u\u017cytkownik mo\u017ce r\u00f3wnie\u017c \u017c\u0105da\u0107 usuni\u0119cia swoich danych osobowych z serwisu.<\/p><p>W celu wykonania swoich praw wskazanych powy\u017cej u\u017cytkownik Serwisu powinien skontaktowa\u0107 si\u0119 z ADO korzystaj\u0105c z tego samego adresu email lub numeru telefonu przekazanego do Serwisu, kontaktuj\u0105c si\u0119 na adres e-mail ADO.<\/p><p>Ka\u017cdy u\u017cytkownik serwisu mo\u017ce wnie\u015b\u0107 skarg\u0119 do Urz\u0119du Ochrony Danych Osobowych.<\/p><p>W Serwisie mog\u0105 pojawia\u0107 si\u0119 linki do innych stron internetowych, kt\u00f3re dzia\u0142aj\u0105 niezale\u017cnie od Serwisu i nie s\u0105 w \u017caden spos\u00f3b nadzorowane przez Serwis. Strony te mog\u0105 posiada\u0107 w\u0142asne polityki dotycz\u0105ce prywatno\u015bci oraz regulaminy, z kt\u00f3rymi zalecamy si\u0119 uwa\u017cnie zapozna\u0107.<\/p><p>ADO zastrzega sobie prawo do zmiany w polityce prywatno\u015bci serwisu, co mo\u017ce zosta\u0107 spowodowane przez rozw\u00f3j technologii internetowej, ewentualne zmiany prawa w zakresie ochrony danych osobowych oraz rozw\u00f3j Serwisu. O wszelkich zmianach b\u0119dziemy informowa\u0107 u\u017cytkownik\u00f3w w spos\u00f3b widoczny i zrozumia\u0142y.<\/p>\t\t\t\t\t\t\t\t<\/div>\n\t\t\t\t<\/div>\n\t\t\t\t\t<\/div>\n\t\t<\/div>\n\t\t\t\t\t<\/div>\n\t\t<\/section>\n\t\t\t\t<\/div>\n\t\t","protected":false},"excerpt":{"rendered":"<p>Wszelkie pytania zwi\u0105zane z przetwarzaniem przez nas Twoich danych mo\u017cesz kierowa\u0107 do naszego Inspektora Ochrony Danych osobowych Krzysztofa Dziemiana pod adresem: rodo@ecowater.pl Niniejsza Polityka Prywatno\u015bci okre\u015bla zasady przetwarzania i ochrony danych osobowych przekazanych przez u\u017cytkownik\u00f3w&hellip;<\/p>\n","protected":false},"author":1,"featured_media":0,"parent":0,"menu_order":0,"comment_status":"closed","ping_status":"closed","template":"","meta":{"_acf_changed":false,"footnotes":""},"class_list":["post-46392","page","type-page","status-publish","hentry"],"acf":[],"_links":{"self":[{"href":"https:\/\/www.ecowater100years.eu\/pl\/wp-json\/wp\/v2\/pages\/46392","targetHints":{"allow":["GET"]}}],"collection":[{"href":"https:\/\/www.ecowater100years.eu\/pl\/wp-json\/wp\/v2\/pages"}],"about":[{"href":"https:\/\/www.ecowater100years.eu\/pl\/wp-json\/wp\/v2\/types\/page"}],"author":[{"embeddable":true,"href":"https:\/\/www.ecowater100years.eu\/pl\/wp-json\/wp\/v2\/users\/1"}],"replies":[{"embeddable":true,"href":"https:\/\/www.ecowater100years.eu\/pl\/wp-json\/wp\/v2\/comments?post=46392"}],"version-history":[{"count":4,"href":"https:\/\/www.ecowater100years.eu\/pl\/wp-json\/wp\/v2\/pages\/46392\/revisions"}],"predecessor-version":[{"id":47105,"href":"https:\/\/www.ecowater100years.eu\/pl\/wp-json\/wp\/v2\/pages\/46392\/revisions\/47105"}],"wp:attachment":[{"href":"https:\/\/www.ecowater100years.eu\/pl\/wp-json\/wp\/v2\/media?parent=46392"}],"curies":[{"name":"wp","href":"https:\/\/api.w.org\/{rel}","templated":true}]}}