{"id":49788,"date":"2025-05-21T10:37:28","date_gmt":"2025-05-21T09:37:28","guid":{"rendered":"https:\/\/www.ecowater100years.eu\/test-form\/"},"modified":"2025-08-01T10:29:50","modified_gmt":"2025-08-01T09:29:50","slug":"fizz-promotion","status":"publish","type":"page","link":"https:\/\/www.ecowater100years.eu\/pl\/fizz-promotion\/","title":{"rendered":"Promocja Fizzo"},"content":{"rendered":"\t\t<div data-elementor-type=\"wp-page\" data-elementor-id=\"49788\" class=\"elementor elementor-49788 elementor-49587\">\n\t\t\t\t\t\t<section class=\"elementor-section-with-custom-width elementor-section elementor-top-section elementor-element elementor-element-195ee9c elementor-section-stretched sc_layouts_hide_on_tablet sc_layouts_hide_on_mobile elementor-section-boxed elementor-section-height-default elementor-section-height-default wpr-particle-no wpr-jarallax-no wpr-parallax-no wpr-sticky-section-no sc_fly_static\" data-id=\"195ee9c\" data-element_type=\"section\" data-settings=\"{&quot;stretch_section&quot;:&quot;section-stretched&quot;,&quot;background_background&quot;:&quot;classic&quot;}\">\n\t\t\t\t\t\t<div class=\"elementor-container elementor-column-gap-extended\">\n\t\t\t\t\t<div class=\"elementor-column elementor-col-66 elementor-top-column elementor-element elementor-element-b3cf51c sc_content_align_inherit sc_layouts_column_icons_position_left sc_fly_static\" data-id=\"b3cf51c\" data-element_type=\"column\">\n\t\t\t<div class=\"elementor-widget-wrap elementor-element-populated\">\n\t\t\t\t\t\t<section class=\"elementor-section elementor-inner-section elementor-element elementor-element-e801138 elementor-section-boxed elementor-section-height-default elementor-section-height-default wpr-particle-no wpr-jarallax-no wpr-parallax-no wpr-sticky-section-no sc_fly_static\" data-id=\"e801138\" data-element_type=\"section\">\n\t\t\t\t\t\t<div class=\"elementor-container elementor-column-gap-extended\">\n\t\t\t\t\t<div class=\"elementor-column elementor-col-100 elementor-inner-column elementor-element elementor-element-8180557 sc_content_align_inherit sc_layouts_column_icons_position_left sc_fly_static\" data-id=\"8180557\" data-element_type=\"column\">\n\t\t\t<div class=\"elementor-widget-wrap elementor-element-populated\">\n\t\t\t\t\t\t<div class=\"elementor-element elementor-element-853088f sc_fly_static elementor-widget elementor-widget-heading\" data-id=\"853088f\" data-element_type=\"widget\" data-widget_type=\"heading.default\">\n\t\t\t\t<div class=\"elementor-widget-container\">\n\t\t\t\t\t<h2 class=\"elementor-heading-title elementor-size-default\">Otrzymaj darmowe FIZZO\u200b<\/h2>\t\t\t\t<\/div>\n\t\t\t\t<\/div>\n\t\t\t\t<div class=\"elementor-element elementor-element-234fed3 elementor-widget__width-initial sc_fly_static elementor-widget elementor-widget-text-editor\" data-id=\"234fed3\" data-element_type=\"widget\" data-widget_type=\"text-editor.default\">\n\t\t\t\t<div class=\"elementor-widget-container\">\n\t\t\t\t\t\t\t\t\t<p style=\"color: #ffffff; font-size: 23px; margin-top: 10px; line-height: 38px;\"><strong>Wype\u0142nij formularz<\/strong>, podaj\u0105c swoje dane i numer seryjny Refinera, a nast\u0119pnie <strong>zostaw opini\u0119<\/strong>, aby otrzyma\u0107 darmowe FIZZO!<\/p>\t\t\t\t\t\t\t\t<\/div>\n\t\t\t\t<\/div>\n\t\t\t\t\t<\/div>\n\t\t<\/div>\n\t\t\t\t\t<\/div>\n\t\t<\/section>\n\t\t\t\t<div class=\"elementor-element elementor-element-a1511fd elementor-widget__width-initial sc_fly_static elementor-widget elementor-widget-image\" data-id=\"a1511fd\" data-element_type=\"widget\" data-widget_type=\"image.default\">\n\t\t\t\t<div class=\"elementor-widget-container\">\n\t\t\t\t\t\t\t\t\t\t\t\t\t\t\t<img fetchpriority=\"high\" decoding=\"async\" width=\"600\" height=\"300\" src=\"https:\/\/www.ecowater100years.eu\/wp-content\/uploads\/2025\/07\/Refinery-na-strone-rocznicowa-1.png\" class=\"attachment-full size-full wp-image-49919\" alt=\"\" srcset=\"https:\/\/www.ecowater100years.eu\/wp-content\/uploads\/2025\/07\/Refinery-na-strone-rocznicowa-1.png 600w, https:\/\/www.ecowater100years.eu\/wp-content\/uploads\/2025\/07\/Refinery-na-strone-rocznicowa-1-300x150.png 300w, https:\/\/www.ecowater100years.eu\/wp-content\/uploads\/2025\/07\/Refinery-na-strone-rocznicowa-1-370x185.png 370w, https:\/\/www.ecowater100years.eu\/wp-content\/uploads\/2025\/07\/Refinery-na-strone-rocznicowa-1-410x205.png 410w\" sizes=\"(max-width: 600px) 100vw, 600px\" \/>\t\t\t\t\t\t\t\t\t\t\t\t\t\t\t<\/div>\n\t\t\t\t<\/div>\n\t\t\t\t\t<\/div>\n\t\t<\/div>\n\t\t\t\t<div class=\"elementor-column elementor-col-33 elementor-top-column elementor-element elementor-element-035122f sc_content_align_center sc_layouts_column_icons_position_left sc_fly_static\" data-id=\"035122f\" data-element_type=\"column\">\n\t\t\t<div class=\"elementor-widget-wrap elementor-element-populated\">\n\t\t\t\t\t\t<section class=\"elementor-section elementor-inner-section elementor-element elementor-element-5b86558 elementor-section-height-min-height elementor-section-content-middle elementor-section-boxed elementor-section-height-default wpr-particle-no wpr-jarallax-no wpr-parallax-no wpr-sticky-section-no sc_fly_static\" data-id=\"5b86558\" data-element_type=\"section\" data-settings=\"{&quot;background_background&quot;:&quot;classic&quot;}\">\n\t\t\t\t\t\t<div class=\"elementor-container elementor-column-gap-extended\">\n\t\t\t\t\t<div class=\"elementor-column elementor-col-50 elementor-inner-column elementor-element elementor-element-7e50d07 sc_content_align_center sc_layouts_column_icons_position_left sc_fly_static\" data-id=\"7e50d07\" data-element_type=\"column\">\n\t\t\t<div class=\"elementor-widget-wrap elementor-element-populated\">\n\t\t\t\t\t\t<div class=\"elementor-element elementor-element-f88a901 sc_fly_static elementor-widget elementor-widget-text-editor\" data-id=\"f88a901\" data-element_type=\"widget\" data-widget_type=\"text-editor.default\">\n\t\t\t\t<div class=\"elementor-widget-container\">\n\t\t\t\t\t\t\t\t\t<p style=\"color: #ffffff; display: block; font-size: 28px; font-weight: bold; margin: 0; text-align: right;\">FIZZO<\/p><p style=\"color: #ffffff; font-size: 15px; line-height: 26px; text-align: right;\"><strong>SATURATOR DO GAZOWANIA WODY OD ECOWATER<\/strong><\/p><p style=\"color: #ffffff; font-size: 23px; margin-top: 10px; text-align: right; line-height: 34px;\">Woda gazowana taka, jak\u0105 lubisz, zawsze dost\u0119pna!<\/p>\t\t\t\t\t\t\t\t<\/div>\n\t\t\t\t<\/div>\n\t\t\t\t\t<\/div>\n\t\t<\/div>\n\t\t\t\t<div class=\"elementor-column elementor-col-50 elementor-inner-column elementor-element elementor-element-1966dec sc_content_align_inherit sc_layouts_column_icons_position_left sc_fly_static\" data-id=\"1966dec\" data-element_type=\"column\">\n\t\t\t<div class=\"elementor-widget-wrap elementor-element-populated\">\n\t\t\t\t\t\t<div class=\"elementor-element elementor-element-7a99ca2 sc_fly_static elementor-widget elementor-widget-image\" data-id=\"7a99ca2\" data-element_type=\"widget\" data-widget_type=\"image.default\">\n\t\t\t\t<div class=\"elementor-widget-container\">\n\t\t\t\t\t\t\t\t\t\t\t\t\t\t\t<img decoding=\"async\" width=\"267\" height=\"586\" src=\"https:\/\/www.ecowater100years.eu\/wp-content\/uploads\/2025\/05\/ecowater-fizzo-omaggio-06.webp\" class=\"attachment-large size-large wp-image-49646\" alt=\"\" srcset=\"https:\/\/www.ecowater100years.eu\/wp-content\/uploads\/2025\/05\/ecowater-fizzo-omaggio-06.webp 267w, https:\/\/www.ecowater100years.eu\/wp-content\/uploads\/2025\/05\/ecowater-fizzo-omaggio-06-137x300.webp 137w, https:\/\/www.ecowater100years.eu\/wp-content\/uploads\/2025\/05\/ecowater-fizzo-omaggio-06-205x450.webp 205w\" sizes=\"(max-width: 267px) 100vw, 267px\" \/>\t\t\t\t\t\t\t\t\t\t\t\t\t\t\t<\/div>\n\t\t\t\t<\/div>\n\t\t\t\t\t<\/div>\n\t\t<\/div>\n\t\t\t\t\t<\/div>\n\t\t<\/section>\n\t\t\t\t\t<\/div>\n\t\t<\/div>\n\t\t\t\t\t<\/div>\n\t\t<\/section>\n\t\t\t\t<section class=\"elementor-section elementor-top-section elementor-element elementor-element-166f8a4 elementor-section-stretched sc_layouts_hide_on_wide sc_layouts_hide_on_desktop sc_layouts_hide_on_notebook elementor-section-boxed elementor-section-height-default elementor-section-height-default wpr-particle-no wpr-jarallax-no wpr-parallax-no wpr-sticky-section-no sc_fly_static\" data-id=\"166f8a4\" data-element_type=\"section\" data-settings=\"{&quot;stretch_section&quot;:&quot;section-stretched&quot;,&quot;background_background&quot;:&quot;classic&quot;}\">\n\t\t\t\t\t\t<div class=\"elementor-container elementor-column-gap-extended\">\n\t\t\t\t\t<div class=\"elementor-column elementor-col-100 elementor-top-column elementor-element elementor-element-ab0928c sc_content_align_inherit sc_layouts_column_icons_position_left sc_fly_static\" data-id=\"ab0928c\" data-element_type=\"column\">\n\t\t\t<div class=\"elementor-widget-wrap elementor-element-populated\">\n\t\t\t\t\t\t<section class=\"elementor-section elementor-inner-section elementor-element elementor-element-17223f5 elementor-section-boxed elementor-section-height-default elementor-section-height-default wpr-particle-no wpr-jarallax-no wpr-parallax-no wpr-sticky-section-no sc_fly_static\" data-id=\"17223f5\" data-element_type=\"section\">\n\t\t\t\t\t\t<div class=\"elementor-container elementor-column-gap-extended\">\n\t\t\t\t\t<div class=\"elementor-column elementor-col-100 elementor-inner-column elementor-element elementor-element-4cf0060 sc_content_align_inherit sc_layouts_column_icons_position_left sc_fly_static\" data-id=\"4cf0060\" data-element_type=\"column\">\n\t\t\t<div class=\"elementor-widget-wrap elementor-element-populated\">\n\t\t\t\t\t\t<div class=\"elementor-element elementor-element-a5f8383 sc_fly_static elementor-widget elementor-widget-heading\" data-id=\"a5f8383\" data-element_type=\"widget\" data-widget_type=\"heading.default\">\n\t\t\t\t<div class=\"elementor-widget-container\">\n\t\t\t\t\t<h2 class=\"elementor-heading-title elementor-size-default\">Otrzymaj darmowe FIZZO\u200b<\/h2>\t\t\t\t<\/div>\n\t\t\t\t<\/div>\n\t\t\t\t<div class=\"elementor-element elementor-element-3b00ca4 elementor-widget__width-initial sc_fly_static elementor-widget elementor-widget-text-editor\" data-id=\"3b00ca4\" data-element_type=\"widget\" data-widget_type=\"text-editor.default\">\n\t\t\t\t<div class=\"elementor-widget-container\">\n\t\t\t\t\t\t\t\t\t<p style=\"color: #ffffff; font-size: 23px; margin-top: 10px; line-height: 38px;\"><strong>Wype\u0142nij formularz<\/strong>, podaj\u0105c swoje dane i numer seryjny produktu, a nast\u0119pnie <strong>zostaw opini\u0119<\/strong>, aby otrzyma\u0107 darmowe FIZZO!<\/p>\t\t\t\t\t\t\t\t<\/div>\n\t\t\t\t<\/div>\n\t\t\t\t\t<\/div>\n\t\t<\/div>\n\t\t\t\t\t<\/div>\n\t\t<\/section>\n\t\t\t\t<section class=\"elementor-section elementor-inner-section elementor-element elementor-element-3cade6b elementor-section-boxed elementor-section-height-default elementor-section-height-default wpr-particle-no wpr-jarallax-no wpr-parallax-no wpr-sticky-section-no sc_fly_static\" data-id=\"3cade6b\" data-element_type=\"section\">\n\t\t\t\t\t\t<div class=\"elementor-container elementor-column-gap-extended\">\n\t\t\t\t\t<div class=\"elementor-column elementor-col-50 elementor-inner-column elementor-element elementor-element-601b9e7 sc_content_align_inherit sc_layouts_column_icons_position_left sc_fly_static\" data-id=\"601b9e7\" data-element_type=\"column\">\n\t\t\t<div class=\"elementor-widget-wrap elementor-element-populated\">\n\t\t\t\t\t\t<div class=\"elementor-element elementor-element-dd27bba sc_fly_static elementor-widget elementor-widget-image\" data-id=\"dd27bba\" data-element_type=\"widget\" data-widget_type=\"image.default\">\n\t\t\t\t<div class=\"elementor-widget-container\">\n\t\t\t\t\t\t\t\t\t\t\t\t\t\t\t<img decoding=\"async\" width=\"291\" height=\"300\" src=\"https:\/\/www.ecowater100years.eu\/wp-content\/uploads\/2025\/05\/ecowater-fizzo-omaggio-04-291x300.webp\" class=\"attachment-medium size-medium wp-image-49688\" alt=\"\" srcset=\"https:\/\/www.ecowater100years.eu\/wp-content\/uploads\/2025\/05\/ecowater-fizzo-omaggio-04-291x300.webp 291w, https:\/\/www.ecowater100years.eu\/wp-content\/uploads\/2025\/05\/ecowater-fizzo-omaggio-04-370x381.webp 370w, https:\/\/www.ecowater100years.eu\/wp-content\/uploads\/2025\/05\/ecowater-fizzo-omaggio-04-410x422.webp 410w, https:\/\/www.ecowater100years.eu\/wp-content\/uploads\/2025\/05\/ecowater-fizzo-omaggio-04-437x450.webp 437w, https:\/\/www.ecowater100years.eu\/wp-content\/uploads\/2025\/05\/ecowater-fizzo-omaggio-04.webp 569w\" sizes=\"(max-width: 291px) 100vw, 291px\" \/>\t\t\t\t\t\t\t\t\t\t\t\t\t\t\t<\/div>\n\t\t\t\t<\/div>\n\t\t\t\t\t<\/div>\n\t\t<\/div>\n\t\t\t\t<div class=\"elementor-column elementor-col-50 elementor-inner-column elementor-element elementor-element-38fcbb1 sc_content_align_inherit sc_layouts_column_icons_position_left sc_fly_static\" data-id=\"38fcbb1\" data-element_type=\"column\">\n\t\t\t<div class=\"elementor-widget-wrap elementor-element-populated\">\n\t\t\t\t\t\t<div class=\"elementor-element elementor-element-12486ff elementor-widget__width-initial sc_fly_static elementor-widget elementor-widget-text-editor\" data-id=\"12486ff\" data-element_type=\"widget\" data-widget_type=\"text-editor.default\">\n\t\t\t\t<div class=\"elementor-widget-container\">\n\t\t\t\t\t\t\t\t\t<p style=\"color: #ffffff; display: block; font-size: 28px; font-weight: bold; margin: 0; text-align: left;\">FIZZO<\/p>\n<p style=\"color: #ffffff; font-size: 15px; line-height: 26px; text-align: left;\"><strong>PRODUCENT WODY GAZOWANEJ OD ECOWATER<\/strong><\/p>\n<p style=\"color: #ffffff; font-size: 23px; margin-top: 10px; text-align: left; line-height: 34px;\">Woda gazowana taka, jak\u0105 lubisz, zawsze dost\u0119pna!<\/p>\t\t\t\t\t\t\t\t<\/div>\n\t\t\t\t<\/div>\n\t\t\t\t\t<\/div>\n\t\t<\/div>\n\t\t\t\t\t<\/div>\n\t\t<\/section>\n\t\t\t\t\t<\/div>\n\t\t<\/div>\n\t\t\t\t\t<\/div>\n\t\t<\/section>\n\t\t\t\t<section class=\"elementor-section elementor-top-section elementor-element elementor-element-25efc9c elementor-section-full_width elementor-section-height-default elementor-section-height-default wpr-particle-no wpr-jarallax-no wpr-parallax-no wpr-sticky-section-no sc_fly_static\" data-id=\"25efc9c\" data-element_type=\"section\" data-settings=\"{&quot;background_background&quot;:&quot;classic&quot;}\">\n\t\t\t\t\t\t\t<div class=\"elementor-background-overlay\"><\/div>\n\t\t\t\t\t\t\t<div class=\"elementor-container elementor-column-gap-extended\">\n\t\t\t\t\t<div class=\"elementor-column elementor-col-100 elementor-top-column elementor-element elementor-element-5671f6f sc_content_align_inherit sc_layouts_column_icons_position_left sc_fly_static\" data-id=\"5671f6f\" data-element_type=\"column\">\n\t\t\t<div class=\"elementor-widget-wrap elementor-element-populated\">\n\t\t\t\t\t\t<div class=\"elementor-element elementor-element-7317bac sc_fly_static elementor-widget elementor-widget-trx_sc_contact_form_7\" data-id=\"7317bac\" data-element_type=\"widget\" id=\"form-fizzo\" data-widget_type=\"trx_sc_contact_form_7.default\">\n\t\t\t\t<div class=\"elementor-widget-container\">\n\t\t\t\t\t\n<div class=\"wpcf7 no-js\" id=\"wpcf7-f49781-o1\" lang=\"pl-PL\" dir=\"ltr\" data-wpcf7-id=\"49781\">\n<div class=\"screen-reader-response\"><p role=\"status\" aria-live=\"polite\" aria-atomic=\"true\"><\/p> <ul><\/ul><\/div>\n<form action=\"\/pl\/wp-json\/wp\/v2\/pages\/49788#wpcf7-f49781-o1\" method=\"post\" class=\"wpcf7-form init\" aria-label=\"Formularz kontaktowy\" novalidate=\"novalidate\" data-status=\"init\">\n<fieldset class=\"hidden-fields-container\"><input type=\"hidden\" name=\"_wpcf7\" value=\"49781\" \/><input type=\"hidden\" name=\"_wpcf7_version\" value=\"6.1.1\" \/><input type=\"hidden\" name=\"_wpcf7_locale\" value=\"pl_PL\" \/><input type=\"hidden\" name=\"_wpcf7_unit_tag\" value=\"wpcf7-f49781-o1\" \/><input type=\"hidden\" name=\"_wpcf7_container_post\" value=\"0\" \/><input type=\"hidden\" name=\"_wpcf7_posted_data_hash\" value=\"\" \/>\n<\/fieldset>\n<style>\n.top_panel_title {\n display: none !important;\n}\n<\/style>\n<div class=\"columns_wrap\">\n\t<div class=\"column-1_2\">\n\t\t<p><label for=\"firstname\">Imi\u0119<\/label><br \/>\n<span class=\"wpcf7-form-control-wrap\" data-name=\"firstname\"><input size=\"40\" maxlength=\"400\" class=\"wpcf7-form-control wpcf7-text wpcf7-validates-as-required\" id=\"firstname\" aria-required=\"true\" aria-invalid=\"false\" placeholder=\"Imi\u0119\" value=\"\" type=\"text\" name=\"firstname\" \/><\/span>\n\t\t<\/p>\n\t<\/div>\n\t<div class=\"column-1_2\">\n\t\t<p><label for=\"lastname\">Nazwisko<\/label><br \/>\n<span class=\"wpcf7-form-control-wrap\" data-name=\"lastname\"><input size=\"40\" maxlength=\"400\" class=\"wpcf7-form-control wpcf7-text wpcf7-validates-as-required\" id=\"lastname\" aria-required=\"true\" aria-invalid=\"false\" placeholder=\"Nazwisko\" value=\"\" type=\"text\" name=\"lastname\" \/><\/span>\n\t\t<\/p>\n\t<\/div>\n<\/div>\n<div class=\"columns_wrap\">\n\t<div class=\"column-1_1\">\n\t\t<p><label for=\"address\">Adres<\/label><br \/>\n<span class=\"wpcf7-form-control-wrap\" data-name=\"address\"><input size=\"40\" maxlength=\"400\" class=\"wpcf7-form-control wpcf7-text wpcf7-validates-as-required\" id=\"address\" aria-required=\"true\" aria-invalid=\"false\" placeholder=\"Adres\" value=\"\" type=\"text\" name=\"address\" \/><\/span>\n\t\t<\/p>\n\t<\/div>\n<\/div>\n<div class=\"columns_wrap\">\n\t<div class=\"column-1_2\">\n\t\t<p><label for=\"email\">E-mail<\/label><br \/>\n<span class=\"wpcf7-form-control-wrap\" data-name=\"email\"><input size=\"40\" maxlength=\"400\" class=\"wpcf7-form-control wpcf7-email wpcf7-validates-as-required wpcf7-text wpcf7-validates-as-email\" id=\"email\" aria-required=\"true\" aria-invalid=\"false\" placeholder=\"E-mail\" value=\"\" type=\"email\" name=\"email\" \/><\/span>\n\t\t<\/p>\n\t<\/div>\n\t<div class=\"column-1_2\">\n\t\t<p><label for=\"phone\">Numer telefonu<\/label><br \/>\n<span class=\"wpcf7-form-control-wrap\" data-name=\"phone\"><input size=\"40\" maxlength=\"400\" class=\"wpcf7-form-control wpcf7-tel wpcf7-validates-as-required wpcf7-text wpcf7-validates-as-tel\" id=\"phone\" aria-required=\"true\" aria-invalid=\"false\" placeholder=\"Numer telefonu\" value=\"\" type=\"tel\" name=\"phone\" \/><\/span>\n\t\t<\/p>\n\t<\/div>\n<\/div>\n<div class=\"columns_wrap\">\n\t<div class=\"column-1_1\">\n\t\t<p><a href=\"https:\/\/www.reviews.io\/company-reviews\/store\/www.ecowater.pl\" target=\"_blank\" id=\"review_url\">Dodaj opini\u0119<\/a>\n\t\t<\/p>\n\t<\/div>\n<\/div>\n<div class=\"columns_wrap margin-bottom\">\n\t<div class=\"column-1_1 dealer-wrapper\">\n\t\t<p><label for=\"dealer\">Sprzedawca<\/label><br \/>\n<span class=\"wpcf7-form-control-wrap\" data-name=\"dealer\"><input size=\"40\" maxlength=\"400\" class=\"wpcf7-form-control wpcf7-text wpcf7-validates-as-required\" id=\"dealer\" aria-required=\"true\" aria-invalid=\"false\" placeholder=\"Wprowad\u017a dealera\" value=\"\" type=\"text\" name=\"dealer\" \/><\/span>\n\t\t<\/p>\n\t<\/div>\n<\/div>\n<div class=\"columns_wrap margin-bottom\">\n\t<div class=\"column-1_1 serial-wrapper\">\n\t\t<p><label for=\"serial\">Numer seryjny<\/label><br \/>\n<span class=\"wpcf7-form-control-wrap\" data-name=\"serial\"><input size=\"40\" maxlength=\"400\" class=\"wpcf7-form-control wpcf7-text wpcf7-validates-as-required\" id=\"serial\" aria-required=\"true\" aria-invalid=\"false\" placeholder=\"Wpisz numer seryjny produktu\" value=\"\" type=\"text\" name=\"serial\" \/><\/span><br \/>\n<span class=\"serial-icon\" aria-hidden=\"true\"><\/span>\n\t\t<\/p>\n\t<\/div>\n<\/div>\n\n<!--\n<div class=\"columns_wrap\">\n  <div class=\"column-1_1\">\n    <label for=\"domanda-A\">Domanda A<\/label>\n    <span class=\"wpcf7-form-control-wrap\" data-name=\"domanda-A\"><textarea cols=\"40\" rows=\"10\" maxlength=\"2000\" class=\"wpcf7-form-control wpcf7-textarea\" id=\"domanda-A\" aria-invalid=\"false\" placeholder=\"Lorem ipsum dolor sit amet...\" name=\"domanda-A\"><\/textarea><\/span>\n  <\/div>\n<\/div>\n\n<div class=\"columns_wrap\">\n  <div class=\"column-1_1\">\n    <label for=\"domanda-B\">Domanda B<\/label>\n    <span class=\"wpcf7-form-control-wrap\" data-name=\"domanda-B\"><textarea cols=\"40\" rows=\"10\" maxlength=\"2000\" class=\"wpcf7-form-control wpcf7-textarea\" id=\"domanda-B\" aria-invalid=\"false\" placeholder=\"Consectetur adipiscing elit...\" name=\"domanda-B\"><\/textarea><\/span>\n  <\/div>\n<\/div>\n\n<div class=\"columns_wrap\">\n  <div class=\"column-1_1\">\n    <label for=\"domanda-C\">Domanda C<\/label>\n    <span class=\"wpcf7-form-control-wrap domanda-C\">\n      [radio domanda-C id:domanda-C use_label_element \"S\u00ec\" \"No\" optional]\n    <\/span>\n  <\/div>\n<\/div>\n\n<div class=\"columns_wrap\">\n  <div class=\"column-1_1\">\n    <label for=\"domanda-D\">Domanda D<\/label>\n    [select domanda-D id:domanda-D \"Opzione 1\" \"Opzione 2\" \"Opzione 3\" optional]\n  <\/div>\n<\/div> \n-->\n<p><span><span class=\"wpcf7-form-control-wrap\" data-name=\"acceptance\"><span class=\"wpcf7-form-control wpcf7-acceptance\"><span class=\"wpcf7-list-item\"><label><input type=\"checkbox\" name=\"acceptance\" value=\"1\" aria-invalid=\"false\" \/><span class=\"wpcf7-list-item-label\">Klikaj\u0105c WY\u015aLIJ przekazujesz nam swoje dane w celu realizacji promocji przez naszego dystrybutora. Administratorem Twoich danych jest Ecowater EMEA Sp. z o.o. W <a href=\"\/ecowater100\/privacy-policy\/\" target=\"_blank\">Polityce prywatno\u015bci<\/a> znajdziesz szczeg\u00f3\u0142owy opis tego, w jaki spos\u00f3b b\u0119dziemy przetwarza\u0107 Twoje dane osobowe.<\/span><\/label><\/span><\/span><\/span><\/span><br \/>\n<span style=\"margin-bottom: 15px\"><span class=\"wpcf7-form-control-wrap\" data-name=\"acceptance2\"><span class=\"wpcf7-form-control wpcf7-acceptance\"><span class=\"wpcf7-list-item\"><label><input type=\"checkbox\" name=\"acceptance2\" value=\"1\" aria-invalid=\"false\" \/><span class=\"wpcf7-list-item-label\">Chc\u0119 otrzymywa\u0107 od Ecowater EMEA Sp. z o.o. drog\u0105 mailow\u0105 informacje dotycz\u0105ce promocji, nowo\u015bci produktowych i porady dotycz\u0105ce wody w domu.<\/span><\/label><\/span><\/span><\/span><\/span>\n<\/p>\n<div class=\"columns_wrap margin-bottom\">\n\t<div class=\"column-1_1\">\n\t\t<p><label id=\"review_time_label\" for=\"review\"><i id=\"review_time_icon\" class=\"fas fa-times-circle\"><\/i> Musisz wys\u0142a\u0107 opini\u0119, aby wys\u0142a\u0107 ten formularz.<\/label><br \/>\n<label id=\"review_sent_label\" style=\"display: none;\" for=\"review\"><i id=\"review_times_icon\" class=\"fas fa-check-circle\"><\/i> Opinia wys\u0142ana<\/label><br \/>\n<button type=\"submit\" style=\"display: none;\" id=\"send_button\" disabled class=\"margin-top\">Wy\u015blij<\/button>\n\t\t<\/p>\n\t<\/div>\n<\/div>\n<input class=\"wpcf7-form-control wpcf7-hidden\" value=\"pl\" type=\"hidden\" name=\"lang\" \/>\n<p><script>\ndocument.addEventListener('DOMContentLoaded', function () {\n const serialInput = document.getElementById('serial');\n const wrapper = serialInput.closest('.serial-wrapper');\n const iconSpan = wrapper.querySelector('.serial-icon');\n\n let timeout = null;\n\n serialInput.addEventListener('input', function () {\n const value = serialInput.value.trim();\n\n wrapper.classList.remove('serial-valid', 'serial-invalid');\n iconSpan.style.display = 'none';\n\n if (value === '') return;\n\n \/\/ Delay per evitare troppe richieste\n clearTimeout(timeout);\n timeout = setTimeout(() => {\n fetch('\/wp-admin\/admin-ajax.php', {\n method: 'POST',\n headers: {\n 'Content-Type': 'application\/x-www-form-urlencoded',\n },\n body: new URLSearchParams({\n action: 'validate_serial_ajax',\n serial: value,\n }),\n })\n .then(response => response.json())\n .then(data => {\n wrapper.classList.add(data.valid ? 'serial-valid' : 'serial-invalid');\n wrapper.classList.remove(data.valid ? 'serial-invalid' : 'serial-valid');\n iconSpan.textContent = data.valid ? '\u2713 Prawid\u0142owy numer seryjny' : '\u2717 Nieprawid\u0142owy numer seryjny';\n iconSpan.style.display = 'inline';\n })\n .catch(err => {\n console.error('Validation error:', err);\n });\n }, 300); \/\/ debounce\n });\n});\n<\/script>\n<\/p>\n<p><script>\nwindow.addEventListener('load', function () {\n \n document.getElementById('review_url').addEventListener('click', function() {\n \n document.getElementById('review_time_icon').classList.remove('fa-times-circle');\n document.getElementById('review_time_icon').classList.add('fa-hourglass-half');\n var interval = setInterval(function(){\n document.getElementById('send_button').style.display = 'inline-block';\n document.getElementById('send_button').disabled = false;\n document.getElementById('review_time_label').style.display = 'none';\n document.getElementById('review_sent_label').style.display = 'inline-block';\n }, 20000);\n \n });\n});\n<\/script>\n<\/p><div class=\"wpcf7-response-output\" aria-hidden=\"true\"><\/div>\n<\/form>\n<\/div>\n\t\t\t\t<\/div>\n\t\t\t\t<\/div>\n\t\t\t\t\t<\/div>\n\t\t<\/div>\n\t\t\t\t\t<\/div>\n\t\t<\/section>\n\t\t\t\t<\/div>\n\t\t","protected":false},"excerpt":{"rendered":"<p>Otrzymaj darmowe FIZZO\u200b Wype\u0142nij formularz, podaj\u0105c swoje dane i numer seryjny Refinera, a nast\u0119pnie zostaw opini\u0119, aby otrzyma\u0107 darmowe FIZZO! FIZZO SATURATOR DO GAZOWANIA WODY OD ECOWATER Woda gazowana taka, jak\u0105 lubisz, zawsze dost\u0119pna! Otrzymaj&hellip;<\/p>\n","protected":false},"author":1,"featured_media":0,"parent":0,"menu_order":0,"comment_status":"closed","ping_status":"closed","template":"elementor_header_footer","meta":{"_acf_changed":false,"footnotes":""},"class_list":["post-49788","page","type-page","status-publish","hentry"],"acf":[],"_links":{"self":[{"href":"https:\/\/www.ecowater100years.eu\/pl\/wp-json\/wp\/v2\/pages\/49788","targetHints":{"allow":["GET"]}}],"collection":[{"href":"https:\/\/www.ecowater100years.eu\/pl\/wp-json\/wp\/v2\/pages"}],"about":[{"href":"https:\/\/www.ecowater100years.eu\/pl\/wp-json\/wp\/v2\/types\/page"}],"author":[{"embeddable":true,"href":"https:\/\/www.ecowater100years.eu\/pl\/wp-json\/wp\/v2\/users\/1"}],"replies":[{"embeddable":true,"href":"https:\/\/www.ecowater100years.eu\/pl\/wp-json\/wp\/v2\/comments?post=49788"}],"version-history":[{"count":25,"href":"https:\/\/www.ecowater100years.eu\/pl\/wp-json\/wp\/v2\/pages\/49788\/revisions"}],"predecessor-version":[{"id":50033,"href":"https:\/\/www.ecowater100years.eu\/pl\/wp-json\/wp\/v2\/pages\/49788\/revisions\/50033"}],"wp:attachment":[{"href":"https:\/\/www.ecowater100years.eu\/pl\/wp-json\/wp\/v2\/media?parent=49788"}],"curies":[{"name":"wp","href":"https:\/\/api.w.org\/{rel}","templated":true}]}}